{"id":238025,"date":"2022-07-21T11:21:49","date_gmt":"2022-07-21T09:21:49","guid":{"rendered":"https:\/\/site8.test.laloupioteduweb.fr\/?page_id=238025"},"modified":"2026-03-25T14:27:18","modified_gmt":"2026-03-25T13:27:18","slug":"les-acteurs-de-la-za","status":"publish","type":"page","link":"https:\/\/site8.test.laloupioteduweb.fr\/en\/les-acteurs-de-la-za\/","title":{"rendered":"Les acteurs de la ZA HWANGE"},"content":{"rendered":"\n[et_pb_section fb_built=\u00a0\u00bb1&Prime; admin_label=\u00a0\u00bbHero\u00a0\u00bb _builder_version=\u00a0\u00bb4.27.4&Prime; _dynamic_attributes=\u00a0\u00bbbackground_image\u00a0\u00bb _module_preset=\u00a0\u00bbde8df9c4-4f34-4a9b-919e-71e38a0ba1e2&Prime; background_image=\u00a0\u00bb@ET-DC@eyJkeW5hbWljIjp0cnVlLCJjb250ZW50IjoicG9zdF9mZWF0dXJlZF9pbWFnZSIsInNldHRpbmdzIjp7fX0=@\u00a0\u00bb global_colors_info=\u00a0\u00bb{}\u00a0\u00bb][et_pb_row _builder_version=\u00a0\u00bb4.25.1&Prime; custom_margin=\u00a0\u00bb|||\u00a0\u00bb custom_padding=\u00a0\u00bb0px||0px|||\u00a0\u00bb global_colors_info=\u00a0\u00bb{}\u00a0\u00bb][et_pb_column type=\u00a0\u00bb4_4&Prime; _builder_version=\u00a0\u00bb4.16&Prime; custom_padding=\u00a0\u00bb|||\u00a0\u00bb global_colors_info=\u00a0\u00bb{}\u00a0\u00bb custom_padding__hover=\u00a0\u00bb|||\u00a0\u00bb][et_pb_text _builder_version=\u00a0\u00bb4.27.4&Prime; _dynamic_attributes=\u00a0\u00bbcontent\u00a0\u00bb _module_preset=\u00a0\u00bb790157a2-ffdd-466a-bbd6-7821f46c9aee\u00a0\u00bb global_colors_info=\u00a0\u00bb{}\u00a0\u00bb]@ET-DC@eyJkeW5hbWljIjp0cnVlLCJjb250ZW50IjoicG9zdF90aXRsZSIsInNldHRpbmdzIjp7ImJlZm9yZSI6IjxoMT4iLCJhZnRlciI6IjwvaDE+In19@[\/et_pb_text][\/et_pb_column][\/et_pb_row][\/et_pb_section][et_pb_section fb_built=\u00a0\u00bb1&Prime; theme_builder_area=\u00a0\u00bbpost_content\u00a0\u00bb _builder_version=\u00a0\u00bb4.27.6&Prime; _module_preset=\u00a0\u00bbdefault\u00a0\u00bb][et_pb_row _builder_version=\u00a0\u00bb4.27.6&Prime; _module_preset=\u00a0\u00bbdefault\u00a0\u00bb theme_builder_area=\u00a0\u00bbpost_content\u00a0\u00bb][et_pb_column _builder_version=\u00a0\u00bb4.27.6&Prime; _module_preset=\u00a0\u00bbdefault\u00a0\u00bb type=\u00a0\u00bb4_4&Prime; theme_builder_area=\u00a0\u00bbpost_content\u00a0\u00bb][et_pb_text _builder_version=\u00a0\u00bb4.27.6&Prime; _module_preset=\u00a0\u00bbdefault\u00a0\u00bb theme_builder_area=\u00a0\u00bbpost_content\u00a0\u00bb hover_enabled=\u00a0\u00bb0&Prime; sticky_enabled=\u00a0\u00bb0&Prime;]<p>Votre contenu est ici. Modifiez ou supprimez ce texte en ligne ou dans les param\u00e8tres du module Contenu. Vous pouvez \u00e9galement styliser chaque aspect de ce contenu dans le module Param\u00e8tres de conception et m\u00eame appliquer un CSS personnalis\u00e9 \u00e0 ce texte dans le module Param\u00e8tres avanc\u00e9s.<\/p>[\/et_pb_text][\/et_pb_column][\/et_pb_row][\/et_pb_section]\n","protected":false},"excerpt":{"rendered":"<p>Votre contenu est ici. Modifiez ou supprimez ce texte en ligne ou dans les param\u00e8tres du module Contenu. Vous pouvez \u00e9galement styliser chaque aspect de ce contenu dans le module [&hellip;]<\/p>\n","protected":false},"author":2,"featured_media":240609,"parent":0,"menu_order":0,"comment_status":"closed","ping_status":"closed","template":"","meta":{"_acf_changed":false,"_et_pb_use_builder":"on","_et_pb_old_content":"","_et_gb_content_width":"","footnotes":""},"dipi_cpt_category":[],"class_list":["post-238025","page","type-page","status-publish","has-post-thumbnail","hentry"],"acf":[],"_links":{"self":[{"href":"https:\/\/site8.test.laloupioteduweb.fr\/en\/wp-json\/wp\/v2\/pages\/238025","targetHints":{"allow":["GET"]}}],"collection":[{"href":"https:\/\/site8.test.laloupioteduweb.fr\/en\/wp-json\/wp\/v2\/pages"}],"about":[{"href":"https:\/\/site8.test.laloupioteduweb.fr\/en\/wp-json\/wp\/v2\/types\/page"}],"author":[{"embeddable":true,"href":"https:\/\/site8.test.laloupioteduweb.fr\/en\/wp-json\/wp\/v2\/users\/2"}],"replies":[{"embeddable":true,"href":"https:\/\/site8.test.laloupioteduweb.fr\/en\/wp-json\/wp\/v2\/comments?post=238025"}],"version-history":[{"count":44,"href":"https:\/\/site8.test.laloupioteduweb.fr\/en\/wp-json\/wp\/v2\/pages\/238025\/revisions"}],"predecessor-version":[{"id":240720,"href":"https:\/\/site8.test.laloupioteduweb.fr\/en\/wp-json\/wp\/v2\/pages\/238025\/revisions\/240720"}],"wp:featuredmedia":[{"embeddable":true,"href":"https:\/\/site8.test.laloupioteduweb.fr\/en\/wp-json\/wp\/v2\/media\/240609"}],"wp:attachment":[{"href":"https:\/\/site8.test.laloupioteduweb.fr\/en\/wp-json\/wp\/v2\/media?parent=238025"}],"wp:term":[{"taxonomy":"dipi_cpt_category","embeddable":true,"href":"https:\/\/site8.test.laloupioteduweb.fr\/en\/wp-json\/wp\/v2\/dipi_cpt_category?post=238025"}],"curies":[{"name":"wp","href":"https:\/\/api.w.org\/{rel}","templated":true}]}}