{"id":237971,"date":"2022-06-28T14:11:21","date_gmt":"2022-06-28T12:11:21","guid":{"rendered":"https:\/\/site8.test.laloupioteduweb.fr\/?page_id=237971"},"modified":"2025-12-02T15:15:49","modified_gmt":"2025-12-02T14:15:49","slug":"types-de-donnees","status":"publish","type":"page","link":"https:\/\/site8.test.laloupioteduweb.fr\/en\/types-de-donnees\/","title":{"rendered":"Instrumentation"},"content":{"rendered":"<p>[et_pb_section fb_built=\u00a0\u00bb1&Prime; admin_label=\u00a0\u00bbHero\u00a0\u00bb _builder_version=\u00a0\u00bb4.27.4&Prime; _module_preset=\u00a0\u00bbde8df9c4-4f34-4a9b-919e-71e38a0ba1e2&Prime; global_colors_info=\u00a0\u00bb{}\u00a0\u00bb background_image=\u00a0\u00bb@ET-DC@eyJkeW5hbWljIjp0cnVlLCJjb250ZW50IjoicG9zdF9mZWF0dXJlZF9pbWFnZSIsInNldHRpbmdzIjp7fX0=@\u00a0\u00bb _dynamic_attributes=\u00a0\u00bbbackground_image\u00a0\u00bb][et_pb_row _builder_version=\u00a0\u00bb4.25.1&Prime; custom_margin=\u00a0\u00bb|||\u00a0\u00bb custom_padding=\u00a0\u00bb0px||0px|||\u00a0\u00bb global_colors_info=\u00a0\u00bb{}\u00a0\u00bb][et_pb_column type=\u00a0\u00bb4_4&Prime; _builder_version=\u00a0\u00bb4.16&Prime; custom_padding=\u00a0\u00bb|||\u00a0\u00bb global_colors_info=\u00a0\u00bb{}\u00a0\u00bb custom_padding__hover=\u00a0\u00bb|||\u00a0\u00bb][et_pb_text _builder_version=\u00a0\u00bb4.27.4&Prime; _dynamic_attributes=\u00a0\u00bbcontent\u00a0\u00bb _module_preset=\u00a0\u00bb790157a2-ffdd-466a-bbd6-7821f46c9aee\u00a0\u00bb global_colors_info=\u00a0\u00bb{}\u00a0\u00bb]@ET-DC@eyJkeW5hbWljIjp0cnVlLCJjb250ZW50IjoicG9zdF90aXRsZSIsInNldHRpbmdzIjp7ImJlZm9yZSI6IjxoMT4iLCJhZnRlciI6IjwvaDE+In19@[\/et_pb_text][\/et_pb_column][\/et_pb_row][\/et_pb_section][et_pb_section fb_built=\u00a0\u00bb1&Prime; _builder_version=\u00a0\u00bb4.17.4&Prime; _module_preset=\u00a0\u00bbdefault\u00a0\u00bb custom_padding=\u00a0\u00bb||5px|||\u00a0\u00bb global_colors_info=\u00a0\u00bb{}\u00a0\u00bb][et_pb_row _builder_version=\u00a0\u00bb4.17.4&Prime; _module_preset=\u00a0\u00bbdefault\u00a0\u00bb custom_padding=\u00a0\u00bb13px||59px|||\u00a0\u00bb global_colors_info=\u00a0\u00bb{}\u00a0\u00bb][et_pb_column type=\u00a0\u00bb4_4&Prime; _builder_version=\u00a0\u00bb4.17.4&Prime; _module_preset=\u00a0\u00bbdefault\u00a0\u00bb global_colors_info=\u00a0\u00bb{}\u00a0\u00bb][et_pb_text _builder_version=\u00a0\u00bb4.27.4&Prime; _module_preset=\u00a0\u00bbdefault\u00a0\u00bb custom_margin=\u00a0\u00bb||3px|||\u00a0\u00bb custom_padding=\u00a0\u00bb0px||0px|||\u00a0\u00bb global_colors_info=\u00a0\u00bb{}\u00a0\u00bb]<\/p>\n<h2>Titre<\/h2>\n<p>[\/et_pb_text][et_pb_text _builder_version=\u00a0\u00bb4.27.4&Prime; _module_preset=\u00a0\u00bbdefault\u00a0\u00bb global_colors_info=\u00a0\u00bb{}\u00a0\u00bb]<\/p>\n<p>Votre contenu est ici. Modifiez ou supprimez ce texte en ligne ou dans les param\u00e8tres du module Contenu. Vous pouvez \u00e9galement styliser chaque aspect de ce contenu dans le module Param\u00e8tres de conception et m\u00eame appliquer un CSS personnalis\u00e9 \u00e0 ce texte dans le module Param\u00e8tres avanc\u00e9s.<\/p>\n<p>[\/et_pb_text][\/et_pb_column][\/et_pb_row][\/et_pb_section]<\/p>\n","protected":false},"excerpt":{"rendered":"<p>L&rsquo;instrumentation joue un r\u00f4le cl\u00e9 dans l&rsquo;\u00e9tude des interactions entre sant\u00e9 et environnement. Gr\u00e2ce \u00e0 des technologies avanc\u00e9es, nous pouvons maintenant surveiller des param\u00e8tres environnementaux avec une pr\u00e9cision in\u00e9gal\u00e9e. Ces outils permettent non seulement de d\u00e9tecter les contaminants, mais aussi d&rsquo;analyser leur impact sur la sant\u00e9 humaine et animale. En int\u00e9grant des m\u00e9thodes innovantes et des approches multidisciplinaires, nous ouvrons la voie \u00e0 des solutions durables pour un avenir sain.<\/p>","protected":false},"author":2,"featured_media":240609,"parent":0,"menu_order":0,"comment_status":"closed","ping_status":"closed","template":"","meta":{"_acf_changed":false,"_et_pb_use_builder":"on","_et_pb_old_content":"<!-- wp:paragraph -->\n<p>L'instrumentation scientifique regroupe l'ensemble des outils, \u00e9quipements et techniques utilis\u00e9s pour mesurer, observer et analyser des ph\u00e9nom\u00e8nes.<\/p>\n<!-- \/wp:paragraph -->\n\n<!-- wp:list -->\n<ul class=\"wp-block-list\"><!-- wp:list-item -->\n<li id=\"justifie\"><strong> Importance <\/strong>: Ces instruments sont essentiels pour recueillir des donn\u00e9es pr\u00e9cises et fiables, permettant aux chercheurs de comprendre et d'interpr\u00e9ter les processus \u00e9cologiques et environnementaux en lien avec des probl\u00e9matique de sant\u00e9.<\/li>\n<!-- \/wp:list-item -->\n\n<!-- wp:list-item -->\n<li><strong>Tendance<\/strong> : Utilisation de l\u2019instrumentation dans le domaine de la sant\u00e9-environnement de plus en plus fr\u00e9quente depuis&nbsp; la&nbsp; miniaturisation des composants, la possibilit\u00e9 de les embarquer (sur des vecteurs humains et non humains, d\u2019enregistrer de multiparam\u00e8tres, de multi contaminants, de r\u00e9aliser de l\u2019imagerie et de la t\u00e9l\u00e9dection.<\/li>\n<!-- \/wp:list-item --><\/ul>\n<!-- \/wp:list -->\n\n<!-- wp:paragraph -->\n<p>&gt;&nbsp;Int\u00e9gration de l\u2019intelligence artificielle et du big data. Technologies de surveillance \u00e0 bas co\u00fbt et open source.<\/p>\n<!-- \/wp:paragraph -->\n\n<!-- wp:heading -->\n<h2 class=\"wp-block-heading\">Applications pratiques et int\u00e9r\u00eat de l\u2019instrumentation scientifique<\/h2>\n<!-- \/wp:heading -->\n\n<!-- wp:group {\"layout\":{\"type\":\"grid\"}} -->\n<div class=\"wp-block-group\"><!-- wp:image -->\n<figure class=\"wp-block-image\"><img alt=\"\"\/><\/figure>\n<!-- \/wp:image --><\/div>\n<!-- \/wp:group -->\n\n<!-- wp:divi\/layout -->\n<div class=\"wp-block-divi-layout\">[et_pb_section fb_built=\"1\" admin_label=\"Hero\" _builder_version=\"4.25.1\" _module_preset=\"de8df9c4-4f34-4a9b-919e-71e38a0ba1e2\" background_image=\"https:\/\/site8.test.laloupioteduweb.fr\/wp-content\/uploads\/pixabay-camargue-6.jpg\" global_colors_info=\"{}\"][et_pb_row _builder_version=\"4.16\" custom_margin=\"|||\" custom_padding=\"0px||0px|||\" global_colors_info=\"{}\"][et_pb_column type=\"4_4\" _builder_version=\"4.18.0\" _module_preset=\"default\" global_colors_info=\"{}\"][et_pb_text _builder_version=\"4.18.0\" _module_preset=\"790157a2-ffdd-466a-bbd6-7821f46c9aee\" global_colors_info=\"{}\"]<h1>Gestion des donn\u00e9es<\/h1>[\/et_pb_text][et_pb_menu active_link_color=\"#FFFFFF\" dropdown_menu_bg_color=\"#FFFFFF\" dropdown_menu_line_color=\"#F26938\" dropdown_menu_text_color=\"#000000\" dropdown_menu_active_link_color=\"#F26938\" mobile_menu_bg_color=\"#FFFFFF\" mobile_menu_text_color=\"#000000\" logo_width=\"0px\" logo_max_width=\"0px\" logo_height=\"0px\" logo_max_height=\"0px\" show_search_icon=\"on\" cart_icon_color=\"#FFFFFF\" search_icon_color=\"#FFFFFF\" menu_icon_color=\"#FFFFFF\" _builder_version=\"4.19.2\" _module_preset=\"default\" menu_text_color=\"#FFFFFF\" background_enable_color=\"off\" text_orientation=\"center\" background_layout=\"dark\" custom_padding=\"17px||17px||true|false\" custom_padding_tablet=\"17px||17px||true|false\" custom_padding_phone=\"17px||17px||true|false\" custom_padding_last_edited=\"on|desktop\" custom_css_dropdown_container=\"width: 400px !important;\" custom_css_dropdown_links=\"line-height:1.3;||padding-top: 12px;||padding-bottom: 12px;\" global_colors_info=\"{}\"][\/et_pb_menu][\/et_pb_column][\/et_pb_row][\/et_pb_section][et_pb_section fb_built=\"1\" admin_label=\"Services\" _builder_version=\"4.27.4\" custom_padding=\"29px|0|78px|0px|false|false\" global_colors_info=\"{}\"][et_pb_row use_custom_gutter=\"on\" gutter_width=\"2\" _builder_version=\"4.27.4\" _module_preset=\"default\" custom_padding=\"||56px|||\" global_colors_info=\"{}\" min_height=\"262.9px\"][et_pb_column type=\"4_4\" _builder_version=\"4.16\" _module_preset=\"default\" global_colors_info=\"{}\"][et_pb_text _builder_version=\"4.27.4\" _module_preset=\"default\" hover_enabled=\"0\" global_colors_info=\"{}\" sticky_enabled=\"0\"]<ul>\n<li>Suivi des Changements Environnementaux<\/li>\n<\/ul>[\/et_pb_text][et_pb_text _builder_version=\"4.27.4\" _module_preset=\"default\" hover_enabled=\"0\" global_colors_info=\"{}\" sticky_enabled=\"0\"]<p>Surveillance continue des variables environnementales pour d\u00e9tecter les tendances et les anomalies.<\/p>\n<p>Exemple : GT Instrumentation \u00ab Eau Salinit\u00e9\u00bb Agence de l'eau Rh\u00f4ne M\u00e9diterran\u00e9e Corse, PNR Camargue,\u00a0 Syndicat Mixte de la Camargue Gardoise, Tour du Valat, ZACAM.<\/p>\n<p style=\"text-align: justify;\"><span style=\"font-size: 16px;\"><\/span><\/p>[\/et_pb_text][\/et_pb_column][\/et_pb_row][et_pb_row use_custom_gutter=\"on\" gutter_width=\"2\" _builder_version=\"4.16\" _module_preset=\"default\" min_height=\"844.6px\" custom_padding=\"||11px|||\" global_colors_info=\"{}\" custom_margin=\"|auto|-559px|auto||\"][et_pb_column type=\"4_4\" _builder_version=\"4.16\" _module_preset=\"default\" global_colors_info=\"{}\"][et_pb_text _builder_version=\"4.18.0\" _module_preset=\"default\" global_colors_info=\"{}\"]<h2>Surveillance des contaminations et des pathog\u00e8nes<\/h2>\n<p>&nbsp;<\/p>[\/et_pb_text][et_pb_text _builder_version=\"4.24.0\" _module_preset=\"default\" global_colors_info=\"{}\"]<p>D\u00e9tection rapide des contaminants (pesticides, m\u00e9taux lourds, etc.).<\/p>\n<p>D\u00e9tection de virus, bact\u00e9ries et zoonoses. Programme ZOOCAM.<\/p>[\/et_pb_text][\/et_pb_column][\/et_pb_row][et_pb_row use_custom_gutter=\"on\" gutter_width=\"2\" _builder_version=\"4.16\" _module_preset=\"default\" custom_padding=\"||56px|||\" global_colors_info=\"{}\" custom_margin=\"-150px|auto||auto||\"][et_pb_column type=\"4_4\" _builder_version=\"4.16\" _module_preset=\"default\" global_colors_info=\"{}\"][et_pb_text _builder_version=\"4.18.0\" _module_preset=\"default\" global_colors_info=\"{}\"]<h2>Recherche Innovante<\/h2>[\/et_pb_text][et_pb_text _builder_version=\"4.27.4\" _module_preset=\"default\" global_colors_info=\"{}\"]<ul><\/ul>\n<p style=\"text-align: justify;\">D\u00e9veloppement de nouvelles m\u00e9thodes et technologies pour am\u00e9liorer la collecte et l'analyse des donn\u00e9es.<\/p>\n<p style=\"text-align: justify;\">Exemple : Collaboration entre chercheurs et ing\u00e9nieurs pour concevoir des instruments adapt\u00e9s aux besoins sp\u00e9cifiques des projets de recherche.<\/p>\n<p style=\"text-align: justify;\"><b>&gt; L\u2019instrumentation a vocation \u00e0 \u00eatre au c\u0153ur de la recherche de la ZACAM.<\/b><\/p>\n<ul><\/ul>[\/et_pb_text][\/et_pb_column][\/et_pb_row][et_pb_row use_custom_gutter=\"on\" gutter_width=\"2\" _builder_version=\"4.16\" _module_preset=\"default\" custom_margin=\"|auto||171px||\" custom_padding=\"||56px|||\" global_colors_info=\"{}\"][et_pb_column type=\"4_4\" _builder_version=\"4.16\" _module_preset=\"default\" global_colors_info=\"{}\"][et_pb_text _builder_version=\"4.18.0\" _module_preset=\"default\" global_colors_info=\"{}\"]<h2>Personnes contacts<\/h2>[\/et_pb_text][et_pb_text _builder_version=\"4.27.4\" _module_preset=\"default\" custom_padding=\"0px|||||\" global_colors_info=\"{}\"]<ul>\n<li>pour la ZACAM : <span style=\"font-family: 'Open Sans', Helvetica, Arial, Lucida, sans-serif; font-size: 16px; font-style: normal; font-weight: 500; letter-spacing: normal; text-align: left; text-indent: 0px; text-transform: none; background-color: #ffffff; text-decoration: none; float: none;\">jean-claude.raynal@cnrs.fr<\/span><\/li>\n<\/ul>[\/et_pb_text][\/et_pb_column][\/et_pb_row][\/et_pb_section]<\/div>\n<!-- \/wp:divi\/layout -->","_et_gb_content_width":"","footnotes":""},"dipi_cpt_category":[],"class_list":["post-237971","page","type-page","status-publish","has-post-thumbnail","hentry"],"acf":[],"_links":{"self":[{"href":"https:\/\/site8.test.laloupioteduweb.fr\/en\/wp-json\/wp\/v2\/pages\/237971","targetHints":{"allow":["GET"]}}],"collection":[{"href":"https:\/\/site8.test.laloupioteduweb.fr\/en\/wp-json\/wp\/v2\/pages"}],"about":[{"href":"https:\/\/site8.test.laloupioteduweb.fr\/en\/wp-json\/wp\/v2\/types\/page"}],"author":[{"embeddable":true,"href":"https:\/\/site8.test.laloupioteduweb.fr\/en\/wp-json\/wp\/v2\/users\/2"}],"replies":[{"embeddable":true,"href":"https:\/\/site8.test.laloupioteduweb.fr\/en\/wp-json\/wp\/v2\/comments?post=237971"}],"version-history":[{"count":74,"href":"https:\/\/site8.test.laloupioteduweb.fr\/en\/wp-json\/wp\/v2\/pages\/237971\/revisions"}],"predecessor-version":[{"id":240400,"href":"https:\/\/site8.test.laloupioteduweb.fr\/en\/wp-json\/wp\/v2\/pages\/237971\/revisions\/240400"}],"wp:featuredmedia":[{"embeddable":true,"href":"https:\/\/site8.test.laloupioteduweb.fr\/en\/wp-json\/wp\/v2\/media\/240609"}],"wp:attachment":[{"href":"https:\/\/site8.test.laloupioteduweb.fr\/en\/wp-json\/wp\/v2\/media?parent=237971"}],"wp:term":[{"taxonomy":"dipi_cpt_category","embeddable":true,"href":"https:\/\/site8.test.laloupioteduweb.fr\/en\/wp-json\/wp\/v2\/dipi_cpt_category?post=237971"}],"curies":[{"name":"wp","href":"https:\/\/api.w.org\/{rel}","templated":true}]}}