{"id":237642,"date":"2022-06-13T10:58:10","date_gmt":"2022-06-13T08:58:10","guid":{"rendered":"https:\/\/site8.test.laloupioteduweb.fr\/?page_id=237642"},"modified":"2025-12-02T15:15:06","modified_gmt":"2025-12-02T14:15:06","slug":"comment-citer-la-za","status":"publish","type":"page","link":"https:\/\/site8.test.laloupioteduweb.fr\/en\/comment-citer-la-za\/","title":{"rendered":"Comment citer la ZA"},"content":{"rendered":"<p>[et_pb_section fb_built=\u00a0\u00bb1&Prime; admin_label=\u00a0\u00bbHero\u00a0\u00bb _builder_version=\u00a0\u00bb4.27.4&Prime; _module_preset=\u00a0\u00bbde8df9c4-4f34-4a9b-919e-71e38a0ba1e2&Prime; global_colors_info=\u00a0\u00bb{}\u00a0\u00bb background_image=\u00a0\u00bb@ET-DC@eyJkeW5hbWljIjp0cnVlLCJjb250ZW50IjoicG9zdF9mZWF0dXJlZF9pbWFnZSIsInNldHRpbmdzIjp7fX0=@\u00a0\u00bb _dynamic_attributes=\u00a0\u00bbbackground_image\u00a0\u00bb][et_pb_row _builder_version=\u00a0\u00bb4.16&Prime; custom_margin=\u00a0\u00bb|||\u00a0\u00bb custom_padding=\u00a0\u00bb0px||0px|||\u00a0\u00bb global_colors_info=\u00a0\u00bb{}\u00a0\u00bb][et_pb_column type=\u00a0\u00bb4_4&Prime; _builder_version=\u00a0\u00bb4.16&Prime; custom_padding=\u00a0\u00bb|||\u00a0\u00bb global_colors_info=\u00a0\u00bb{}\u00a0\u00bb custom_padding__hover=\u00a0\u00bb|||\u00a0\u00bb][et_pb_text _builder_version=\u00a0\u00bb4.27.4&Prime; _module_preset=\u00a0\u00bb790157a2-ffdd-466a-bbd6-7821f46c9aee\u00a0\u00bb global_colors_info=\u00a0\u00bb{}\u00a0\u00bb]<\/p>\n<h1>Comment citer la ZA ?<\/h1>\n<p>[\/et_pb_text][\/et_pb_column][\/et_pb_row][\/et_pb_section][et_pb_section fb_built=\u00a0\u00bb1&Prime; admin_label=\u00a0\u00bbServices\u00a0\u00bb _builder_version=\u00a0\u00bb4.16&Prime; custom_padding=\u00a0\u00bb29px|0|78px|0px|false|false\u00a0\u00bb global_colors_info=\u00a0\u00bb{}\u00a0\u00bb][et_pb_row use_custom_gutter=\u00a0\u00bbon\u00a0\u00bb gutter_width=\u00a0\u00bb2&Prime; _builder_version=\u00a0\u00bb4.16&Prime; _module_preset=\u00a0\u00bbdefault\u00a0\u00bb custom_padding=\u00a0\u00bb||56px|||\u00a0\u00bb global_colors_info=\u00a0\u00bb{}\u00a0\u00bb][et_pb_column type=\u00a0\u00bb4_4&Prime; _builder_version=\u00a0\u00bb4.16&Prime; _module_preset=\u00a0\u00bbdefault\u00a0\u00bb global_colors_info=\u00a0\u00bb{}\u00a0\u00bb][et_pb_text _builder_version=\u00a0\u00bb4.27.4&Prime; _module_preset=\u00a0\u00bbdefault\u00a0\u00bb global_colors_info=\u00a0\u00bb{}\u00a0\u00bb]<\/p>\n<h2>Vous comptez soumettre un article affili\u00e9 \u00e0 la ZA ?<\/h2>\n<p>[\/et_pb_text][et_pb_text quote_border_weight=\u00a0\u00bb9px\u00a0\u00bb quote_border_color=\u00a0\u00bb#D2D516&Prime; _builder_version=\u00a0\u00bb4.27.4&Prime; _module_preset=\u00a0\u00bbdefault\u00a0\u00bb quote_font=\u00a0\u00bbCourier Prime||||||||\u00a0\u00bb quote_text_color=\u00a0\u00bb#000000&Prime; quote_font_size=\u00a0\u00bb19px\u00a0\u00bb global_colors_info=\u00a0\u00bb{}\u00a0\u00bb]<\/p>\n<p>En fran\u00e7ais :<\/p>\n<blockquote>\n<p>Ce travail a \u00e9t\u00e9 r\u00e9alis\u00e9 &#8230;<\/p>\n<\/blockquote>\n<p>En anglais :<\/p>\n<blockquote>\n<p>This work was carried out &#8230;<\/p>\n<\/blockquote>\n<p>[\/et_pb_text][\/et_pb_column][\/et_pb_row][\/et_pb_section]<\/p>\n","protected":false},"excerpt":{"rendered":"<p>Comment citer la ZA ?Vous comptez soumettre un article affili\u00e9 \u00e0 la ZA ?En fran\u00e7ais : Ce travail a \u00e9t\u00e9 r\u00e9alis\u00e9 &#8230; En anglais : This work was carried out [&hellip;]<\/p>\n","protected":false},"author":2,"featured_media":240609,"parent":0,"menu_order":0,"comment_status":"closed","ping_status":"closed","template":"","meta":{"_acf_changed":false,"_et_pb_use_builder":"on","_et_pb_old_content":"","_et_gb_content_width":"","footnotes":""},"dipi_cpt_category":[],"class_list":["post-237642","page","type-page","status-publish","has-post-thumbnail","hentry"],"acf":[],"_links":{"self":[{"href":"https:\/\/site8.test.laloupioteduweb.fr\/en\/wp-json\/wp\/v2\/pages\/237642","targetHints":{"allow":["GET"]}}],"collection":[{"href":"https:\/\/site8.test.laloupioteduweb.fr\/en\/wp-json\/wp\/v2\/pages"}],"about":[{"href":"https:\/\/site8.test.laloupioteduweb.fr\/en\/wp-json\/wp\/v2\/types\/page"}],"author":[{"embeddable":true,"href":"https:\/\/site8.test.laloupioteduweb.fr\/en\/wp-json\/wp\/v2\/users\/2"}],"replies":[{"embeddable":true,"href":"https:\/\/site8.test.laloupioteduweb.fr\/en\/wp-json\/wp\/v2\/comments?post=237642"}],"version-history":[{"count":15,"href":"https:\/\/site8.test.laloupioteduweb.fr\/en\/wp-json\/wp\/v2\/pages\/237642\/revisions"}],"predecessor-version":[{"id":240393,"href":"https:\/\/site8.test.laloupioteduweb.fr\/en\/wp-json\/wp\/v2\/pages\/237642\/revisions\/240393"}],"wp:featuredmedia":[{"embeddable":true,"href":"https:\/\/site8.test.laloupioteduweb.fr\/en\/wp-json\/wp\/v2\/media\/240609"}],"wp:attachment":[{"href":"https:\/\/site8.test.laloupioteduweb.fr\/en\/wp-json\/wp\/v2\/media?parent=237642"}],"wp:term":[{"taxonomy":"dipi_cpt_category","embeddable":true,"href":"https:\/\/site8.test.laloupioteduweb.fr\/en\/wp-json\/wp\/v2\/dipi_cpt_category?post=237642"}],"curies":[{"name":"wp","href":"https:\/\/api.w.org\/{rel}","templated":true}]}}