{"id":2,"date":"2019-04-11T10:29:00","date_gmt":"2019-04-11T08:29:00","guid":{"rendered":"https:\/\/site8.test.laloupioteduweb.fr\/?page_id=2"},"modified":"2026-03-25T14:17:39","modified_gmt":"2026-03-25T13:17:39","slug":"accueil","status":"publish","type":"page","link":"https:\/\/site8.test.laloupioteduweb.fr\/en\/","title":{"rendered":"Home"},"content":{"rendered":"<p>[et_pb_section fb_built=\u00a0\u00bb1&Prime; admin_label=\u00a0\u00bbHero\u00a0\u00bb _builder_version=\u00a0\u00bb4.27.6&Prime; _dynamic_attributes=\u00a0\u00bbbackground_image\u00a0\u00bb _module_preset=\u00a0\u00bbde8df9c4-4f34-4a9b-919e-71e38a0ba1e2&Prime; background_image=\u00a0\u00bb@ET-DC@eyJkeW5hbWljIjp0cnVlLCJjb250ZW50IjoicG9zdF9mZWF0dXJlZF9pbWFnZSIsInNldHRpbmdzIjp7fX0=@\u00a0\u00bb global_colors_info=\u00a0\u00bb{}\u00a0\u00bb][et_pb_row _builder_version=\u00a0\u00bb4.25.1&Prime; _module_preset=\u00a0\u00bb6f91b3d9-c17d-4db8-be29-c885fb7f5c5d\u00a0\u00bb global_colors_info=\u00a0\u00bb{}\u00a0\u00bb][et_pb_column type=\u00a0\u00bb4_4&Prime; _builder_version=\u00a0\u00bb4.16&Prime; custom_padding=\u00a0\u00bb|||\u00a0\u00bb global_colors_info=\u00a0\u00bb{}\u00a0\u00bb custom_padding__hover=\u00a0\u00bb|||\u00a0\u00bb][et_pb_text _builder_version=\u00a0\u00bb4.27.6&Prime; _module_preset=\u00a0\u00bb790157a2-ffdd-466a-bbd6-7821f46c9aee\u00a0\u00bb custom_margin=\u00a0\u00bb||-3px|||\u00a0\u00bb hover_enabled=\u00a0\u00bb0&Prime; global_colors_info=\u00a0\u00bb{}\u00a0\u00bb sticky_enabled=\u00a0\u00bb0&Prime;]<\/p>\n<h1>La Zone Atelier Hwang<\/h1>\n<p>[\/et_pb_text][\/et_pb_column][\/et_pb_row][\/et_pb_section][et_pb_section fb_built=\u00a0\u00bb1&Prime; _builder_version=\u00a0\u00bb4.17.4&Prime; _module_preset=\u00a0\u00bbdefault\u00a0\u00bb background_enable_color=\u00a0\u00bboff\u00a0\u00bb custom_padding=\u00a0\u00bb0px||0px|||\u00a0\u00bb global_colors_info=\u00a0\u00bb{}\u00a0\u00bb][et_pb_row column_structure=\u00a0\u00bb1_2,1_2&Prime; _builder_version=\u00a0\u00bb4.27.5&Prime; _module_preset=\u00a0\u00bbdefault\u00a0\u00bb max_width=\u00a0\u00bb1400px\u00a0\u00bb custom_padding=\u00a0\u00bb62px|||||\u00a0\u00bb global_colors_info=\u00a0\u00bb{}\u00a0\u00bb][et_pb_column type=\u00a0\u00bb1_2&Prime; _builder_version=\u00a0\u00bb4.27.5&Prime; _module_preset=\u00a0\u00bbdefault\u00a0\u00bb global_colors_info=\u00a0\u00bb{}\u00a0\u00bb][et_pb_text _builder_version=\u00a0\u00bb4.27.5&Prime; header_font=\u00a0\u00bb||||||||\u00a0\u00bb header_3_font=\u00a0\u00bb|800|||||||\u00a0\u00bb header_3_text_color=\u00a0\u00bbgcid-ac3ef550-2e2e-47d6-8d30-5c44d2ea686c\u00a0\u00bb header_3_font_size=\u00a0\u00bb24px\u00a0\u00bb custom_margin=\u00a0\u00bb||0px||false|false\u00a0\u00bb custom_padding=\u00a0\u00bb||0px||false|false\u00a0\u00bb header_3_font_size_tablet=\u00a0\u00bb\u00a0\u00bb header_3_font_size_phone=\u00a0\u00bb18px\u00a0\u00bb header_3_font_size_last_edited=\u00a0\u00bbon|phone\u00a0\u00bb global_colors_info=\u00a0\u00bb{%22gcid-ac3ef550-2e2e-47d6-8d30-5c44d2ea686c%22:%91%22header_3_text_color%22%93}\u00a0\u00bb]<\/p>\n<h3>La ZAHG en quelques mots<\/h3>\n<p>[\/et_pb_text][et_pb_text _builder_version=\u00a0\u00bb4.27.5&Prime; _module_preset=\u00a0\u00bbdefault\u00a0\u00bb global_colors_info=\u00a0\u00bb{}\u00a0\u00bb]<\/p>\n<p><span>La Zone Atelier Hwange h\u00e9berge un ensemble de recherches interdisciplinaires \u00e0 long terme afin de comprendre la dynamique d\u2019un socio-\u00e9cosyst\u00e8me de savane, le Parc\u00a0National de Hwange (~\u00a015000\u00a0km\u00b2) et sa p\u00e9riph\u00e9rie, situ\u00e9 \u00e0 la fronti\u00e8re Ouest du Zimbabwe. Ce syst\u00e8me marqu\u00e9 par d\u2019importants changements environnementaux et soci\u00e9taux s\u2019ins\u00e8re dans le plus grand espace de conservation transfrontalier du monde,\u00a0<\/span><a href=\"http:\/\/www.kavangozambezi.org\/\" target=\"_blank\" rel=\"noopener\">KAZA TFCA<span>\u00a0<\/span><\/a><span>(Kavango-Zambezi Trans-Frontier Conservation Area).<\/span><\/p>\n<p>[\/et_pb_text][\/et_pb_column][et_pb_column type=\u00a0\u00bb1_2&Prime; _builder_version=\u00a0\u00bb4.27.5&Prime; _module_preset=\u00a0\u00bbdefault\u00a0\u00bb global_colors_info=\u00a0\u00bb{}\u00a0\u00bb][et_pb_image src=\u00a0\u00bbhttps:\/\/site8.test.laloupioteduweb.fr\/wp-content\/uploads\/zahwg.jpg\u00a0\u00bb title_text=\u00a0\u00bbzahwg\u00a0\u00bb _builder_version=\u00a0\u00bb4.27.5&Prime; _module_preset=\u00a0\u00bbdefault\u00a0\u00bb global_colors_info=\u00a0\u00bb{}\u00a0\u00bb][\/et_pb_image][\/et_pb_column][\/et_pb_row][\/et_pb_section][et_pb_section fb_built=\u00a0\u00bb1&Prime; admin_label=\u00a0\u00bbOur Experience\u00a0\u00bb _builder_version=\u00a0\u00bb4.27.6&Prime; background_enable_color=\u00a0\u00bboff\u00a0\u00bb background_enable_image=\u00a0\u00bboff\u00a0\u00bb custom_padding=\u00a0\u00bb0vw||42px||false|false\u00a0\u00bb global_colors_info=\u00a0\u00bb{}\u00a0\u00bb][et_pb_row _builder_version=\u00a0\u00bb4.27.5&Prime; _module_preset=\u00a0\u00bbdefault\u00a0\u00bb max_width=\u00a0\u00bb1400px\u00a0\u00bb global_colors_info=\u00a0\u00bb{}\u00a0\u00bb][et_pb_column type=\u00a0\u00bb4_4&Prime; _builder_version=\u00a0\u00bb4.16&Prime; _module_preset=\u00a0\u00bbdefault\u00a0\u00bb global_colors_info=\u00a0\u00bb{}\u00a0\u00bb][et_pb_text _builder_version=\u00a0\u00bb4.27.6&Prime; header_font=\u00a0\u00bb||||||||\u00a0\u00bb header_3_font=\u00a0\u00bb|800|||||||\u00a0\u00bb header_3_text_color=\u00a0\u00bbgcid-ac3ef550-2e2e-47d6-8d30-5c44d2ea686c\u00a0\u00bb header_3_font_size=\u00a0\u00bb24px\u00a0\u00bb text_orientation=\u00a0\u00bbcenter\u00a0\u00bb custom_margin=\u00a0\u00bb||0px||false|false\u00a0\u00bb custom_padding=\u00a0\u00bb||12px||false|false\u00a0\u00bb header_3_font_size_tablet=\u00a0\u00bb\u00a0\u00bb header_3_font_size_phone=\u00a0\u00bb18px\u00a0\u00bb header_3_font_size_last_edited=\u00a0\u00bbon|phone\u00a0\u00bb global_colors_info=\u00a0\u00bb{%22gcid-ac3ef550-2e2e-47d6-8d30-5c44d2ea686c%22:%91%22header_3_text_color%22%93}\u00a0\u00bb]<\/p>\n<h3>Derni\u00e8res actualit\u00e9s<\/h3>\n<p>[\/et_pb_text][et_pb_code _builder_version=\u00a0\u00bb4.27.6&Prime; _module_preset=\u00a0\u00bbdefault\u00a0\u00bb global_colors_info=\u00a0\u00bb{}\u00a0\u00bb]<!-- Elfsight LinkedIn Feed | Untitled LinkedIn Feed --><!-- [et_pb_line_break_holder] --><script src=\"https:\/\/elfsightcdn.com\/platform.js\" async><\/script><!-- [et_pb_line_break_holder] --><\/p>\n<div class=\"elfsight-app-ab4708fd-ebc2-4407-ad98-043faedcc94c\" data-elfsight-app-lazy><\/div>\n<p>[\/et_pb_code][\/et_pb_column][\/et_pb_row][\/et_pb_section]<\/p>\n","protected":false},"excerpt":{"rendered":"<p>La Zone Atelier HwangLa ZAHG en quelques motsLa Zone Atelier Hwange h\u00e9berge un ensemble de recherches interdisciplinaires \u00e0 long terme afin de comprendre la dynamique d\u2019un socio-\u00e9cosyst\u00e8me de savane, le [&hellip;]<\/p>\n","protected":false},"author":2,"featured_media":240609,"parent":0,"menu_order":0,"comment_status":"closed","ping_status":"closed","template":"","meta":{"_acf_changed":false,"_et_pb_use_builder":"on","_et_pb_old_content":"","_et_gb_content_width":"","footnotes":""},"dipi_cpt_category":[],"class_list":["post-2","page","type-page","status-publish","has-post-thumbnail","hentry"],"acf":[],"_links":{"self":[{"href":"https:\/\/site8.test.laloupioteduweb.fr\/en\/wp-json\/wp\/v2\/pages\/2","targetHints":{"allow":["GET"]}}],"collection":[{"href":"https:\/\/site8.test.laloupioteduweb.fr\/en\/wp-json\/wp\/v2\/pages"}],"about":[{"href":"https:\/\/site8.test.laloupioteduweb.fr\/en\/wp-json\/wp\/v2\/types\/page"}],"author":[{"embeddable":true,"href":"https:\/\/site8.test.laloupioteduweb.fr\/en\/wp-json\/wp\/v2\/users\/2"}],"replies":[{"embeddable":true,"href":"https:\/\/site8.test.laloupioteduweb.fr\/en\/wp-json\/wp\/v2\/comments?post=2"}],"version-history":[{"count":127,"href":"https:\/\/site8.test.laloupioteduweb.fr\/en\/wp-json\/wp\/v2\/pages\/2\/revisions"}],"predecessor-version":[{"id":240708,"href":"https:\/\/site8.test.laloupioteduweb.fr\/en\/wp-json\/wp\/v2\/pages\/2\/revisions\/240708"}],"wp:featuredmedia":[{"embeddable":true,"href":"https:\/\/site8.test.laloupioteduweb.fr\/en\/wp-json\/wp\/v2\/media\/240609"}],"wp:attachment":[{"href":"https:\/\/site8.test.laloupioteduweb.fr\/en\/wp-json\/wp\/v2\/media?parent=2"}],"wp:term":[{"taxonomy":"dipi_cpt_category","embeddable":true,"href":"https:\/\/site8.test.laloupioteduweb.fr\/en\/wp-json\/wp\/v2\/dipi_cpt_category?post=2"}],"curies":[{"name":"wp","href":"https:\/\/api.w.org\/{rel}","templated":true}]}}